{"id":29643,"date":"2019-08-28T08:16:18","date_gmt":"2019-08-27T22:16:18","guid":{"rendered":"http:\/\/www.wssc.vic.edu.au\/?page_id=29643"},"modified":"2019-09-11T10:19:42","modified_gmt":"2019-09-11T00:19:42","slug":"gioi-thieu-ve-thanh-pho-wodonga","status":"publish","type":"page","link":"https:\/\/www.wssc.vic.edu.au\/?page_id=29643","title":{"rendered":"GI\u1edaI THI\u1ec6U V\u1ec0 TH\u00c0NH PH\u1ed0 WODONGA"},"content":{"rendered":"<p><span style=\"font-family: 'Arial',sans-serif;\">Albury\/Wodonga l\u00e0 th\u00e0nh ph\u1ed1 k\u00e9p g\u1ed3m 2 th\u00e0nh ph\u1ed1 li\u1ec1n k\u1ec1 n\u1eb1m \u1edf bi\u00ean gi\u1edbi hai bang v\u1edbi kho\u1ea3ng 100 ng\u00e0n d\u00e2n v\u00e0 t\u1ef7 l\u1ec7 t\u0103ng tr\u01b0\u1edfng d\u00e2n s\u1ed1 kho\u1ea3ng 2500 ng\u01b0\u1eddi m\u1ed7i n\u0103m. Wodonga \u0111\u01b0\u1ee3c coi l\u00e0 m\u1ed9t trong nh\u1eefng th\u00e0nh ph\u1ed1 thu\u1ed9c v\u00f9ng ph\u00e1t tri\u1ec3n n\u00f4ng nghi\u1ec7p c\u00f3 ch\u1ea5t l\u01b0\u1ee3ng h\u1ecdc t\u1eadp t\u1ed1t nh\u1ea5t c\u1ee7a \u00dac. N\u1eb1m \u1edf bi\u00ean gi\u1edbi c\u1ee7a bang Victoria v\u00e0 New South Wales, n\u01a1i \u0111\u00e2y c\u00f2n c\u00f3 2 tr\u01b0\u1eddng \u0111\u1ea1i h\u1ecdc v\u00e0 2 tr\u01b0\u1eddng cao \u0111\u1eb3ng d\u1ea1y ngh\u1ec1. Albury\/Wodonga l\u00e0 n\u01a1i b\u1ea1n c\u00f3 th\u1ec3 ph\u00e1t tri\u1ec3n b\u1ea5t c\u1ee9 m\u1ed9t kh\u1ea3 n\u0103ng, \u0111am m\u00ea n\u00e0o trong m\u1ed9t m\u00f4i tr\u01b0\u1eddng s\u1ed1ng l\u00e0nh m\u1ea1nh y\u00ean b\u00ecnh v\u00e0 c\u1ea3nh quan \u0111\u1eb9p \u0111\u1ebd.<\/span><\/p>\n<p><img loading=\"lazy\" decoding=\"async\" class=\"size-large wp-image-29697 aligncenter\" src=\"http:\/\/www.wssc.vic.edu.au\/wp-content\/uploads\/2019\/08\/CBDNightCubeTower-1024x411.jpg\" alt=\"\" width=\"960\" height=\"385\" srcset=\"https:\/\/www.wssc.vic.edu.au\/wp-content\/uploads\/2019\/08\/CBDNightCubeTower-1024x411.jpg 1024w, https:\/\/www.wssc.vic.edu.au\/wp-content\/uploads\/2019\/08\/CBDNightCubeTower-300x120.jpg 300w, https:\/\/www.wssc.vic.edu.au\/wp-content\/uploads\/2019\/08\/CBDNightCubeTower-768x308.jpg 768w\" sizes=\"(max-width: 960px) 100vw, 960px\" \/><\/p>\n<p><span style=\"font-family: 'Arial',sans-serif;\">Quanh n\u0103m, th\u00e0nh ph\u1ed1 t\u1ed5 ch\u1ee9c nhi\u1ec1u ho\u1ea1t \u0111\u1ed9ng v\u0103n h\u00f3a v\u00e0 gi\u1ea3i tr\u00ed. Th\u00e0nh ph\u1ed1 c\u00f3 nhi\u1ec1u qu\u00e1n \u0103n ph\u1ee5c v\u1ee5 \u1ea9m th\u1ef1c nhi\u1ec1u v\u00f9ng mi\u1ec1n, nhi\u1ec1u c\u00f4ng vi\u00ean v\u00e0 v\u01b0\u1eddn hoa. Wodogna c\u0169ng l\u00e0 m\u1ed9t th\u00e0nh ph\u1ed1 n\u1ed5i ti\u1ebfng th\u1ebf gi\u1edbi l\u00e0 n\u01a1i th\u01b0\u1eddng xuy\u00ean t\u1ed5 ch\u1ee9c c\u00e1c l\u1ec5 h\u1ed9i v\u0103n h\u00f3a \u0111a s\u1eafc t\u1ed9c. N\u01a1i \u0111\u00e2y c\u0169ng c\u00f3 s\u00e2n bay, nh\u00e0 ga t\u00e0u v\u00e0 xe \u0111\u00f2 t\u1edbi c\u00e1c th\u1ee7 ph\u1ee7 c\u00e1c bang. Ch\u00fang t\u00f4i s\u1ed1ng trong m\u1ed9t th\u00e0nh ph\u1ed1 \u0111\u1ea7y \u0111\u1ee7 ti\u1ec7n nghi m\u00e0 kh\u00f4ng b\u1ecb nh\u1eefng h\u1ea1n ch\u1ebf c\u1ee7a m\u1ed9t th\u00e0nh ph\u1ed1 l\u1edbn mang l\u1ea1i.<\/span><\/p>\n<p>&nbsp;<\/p>\n<p>Department of Education &amp; Training<br \/>\n<strong>CRICOS Provider Code: 00861K<\/strong><\/p>\n","protected":false},"excerpt":{"rendered":"<p>Albury\/Wodonga l\u00e0 th\u00e0nh ph\u1ed1 k\u00e9p g\u1ed3m 2 th\u00e0nh ph\u1ed1 li\u1ec1n k\u1ec1 n\u1eb1m \u1edf bi\u00ean gi\u1edbi hai bang v\u1edbi kho\u1ea3ng 100 ng\u00e0n d\u00e2n v\u00e0 t\u1ef7 l\u1ec7&#8230;<\/p>\n","protected":false},"author":1,"featured_media":0,"parent":29656,"menu_order":0,"comment_status":"closed","ping_status":"closed","template":"","meta":{"footnotes":""},"class_list":["post-29643","page","type-page","status-publish","hentry"],"_links":{"self":[{"href":"https:\/\/www.wssc.vic.edu.au\/index.php?rest_route=\/wp\/v2\/pages\/29643"}],"collection":[{"href":"https:\/\/www.wssc.vic.edu.au\/index.php?rest_route=\/wp\/v2\/pages"}],"about":[{"href":"https:\/\/www.wssc.vic.edu.au\/index.php?rest_route=\/wp\/v2\/types\/page"}],"author":[{"embeddable":true,"href":"https:\/\/www.wssc.vic.edu.au\/index.php?rest_route=\/wp\/v2\/users\/1"}],"replies":[{"embeddable":true,"href":"https:\/\/www.wssc.vic.edu.au\/index.php?rest_route=%2Fwp%2Fv2%2Fcomments&post=29643"}],"version-history":[{"count":4,"href":"https:\/\/www.wssc.vic.edu.au\/index.php?rest_route=\/wp\/v2\/pages\/29643\/revisions"}],"predecessor-version":[{"id":29848,"href":"https:\/\/www.wssc.vic.edu.au\/index.php?rest_route=\/wp\/v2\/pages\/29643\/revisions\/29848"}],"up":[{"embeddable":true,"href":"https:\/\/www.wssc.vic.edu.au\/index.php?rest_route=\/wp\/v2\/pages\/29656"}],"wp:attachment":[{"href":"https:\/\/www.wssc.vic.edu.au\/index.php?rest_route=%2Fwp%2Fv2%2Fmedia&parent=29643"}],"curies":[{"name":"wp","href":"https:\/\/api.w.org\/{rel}","templated":true}]}}