{"id":29661,"date":"2019-08-28T08:19:33","date_gmt":"2019-08-27T22:19:33","guid":{"rendered":"http:\/\/www.wssc.vic.edu.au\/?page_id=29661"},"modified":"2019-09-11T10:20:04","modified_gmt":"2019-09-11T00:20:04","slug":"gioi-thieu-ve-truong-chung-toi","status":"publish","type":"page","link":"https:\/\/www.wssc.vic.edu.au\/?page_id=29661","title":{"rendered":"GI\u1edaI THI\u1ec6U V\u1ec0 TR\u01af\u1edcNG CH\u00daNG T\u00d4I"},"content":{"rendered":"<p>Tr\u01b0\u1eddng Trung h\u1ecdc Wodonga (WSSC) l\u00e0 m\u1ed9t tr\u01b0\u1eddng c\u00f4ng v\u1edbi kho\u1ea3ng 900 h\u1ecdc sinh c\u1ea3 nam l\u1eabn n\u1eef sinh s\u1ed1ng \u1edf v\u00f9ng Albury\/Wodonga. Tr\u01b0\u1eddng \u0111\u01b0\u1ee3c trang b\u1ecb c\u01a1 s\u1edf v\u1eadt ch\u1ea5t hi\u1ec7n \u0111\u1ea1i v\u00e0 t\u1ecda l\u1ea1c t\u1ea1i g\u1ea7n trung t\u00e2m c\u1ee7a th\u00e0nh ph\u1ed1 Wodonga , l\u00e0 khu v\u1ef1c an ninh t\u1ed1t, c\u1ea3nh quan \u0111\u1eb9p m\u1eaft v\u00e0 thu\u1eadn ti\u1ec7n cho giao th\u00f4ng c\u00f4ng c\u1ed9ng.<\/p>\n<p>Ch\u00fang t\u00f4i cung c\u1ea5p cho h\u1ecdc sinh m\u1ed9t ch\u01b0\u01a1ng tr\u00ecnh h\u1ecdc v\u1edbi s\u1ed1 b\u1ed9 m\u00f4n \u0111a d\u1ea1ng nh\u1ea5t c\u1ee7a bang Victoria \u0111\u1ec3 h\u1ecdc sinh c\u00f3 th\u1ec3 l\u1ef1a ch\u1ecdn b\u1ea5t c\u1ee9 k\u1ebf ho\u1ea1ch n\u00e0o cho t\u01b0\u01a1ng lai c\u1ee7a m\u00ecnh : theo h\u1ecdc \u0111\u1ea1i h\u1ecdc hay h\u1ecdc ngh\u1ec1.<\/p>\n<p><a href=\"http:\/\/www.wssc.vic.edu.au\/wp-content\/uploads\/2018\/11\/Exam_01.jpg\" onclick=\"_gaq.push(['_trackEvent', 'outbound-article-int', 'http:\/\/www.wssc.vic.edu.au\/wp-content\/uploads\/2018\/11\/Exam_01.jpg', '']);\" ><img loading=\"lazy\" decoding=\"async\" class=\"wp-image-28874 aligncenter\" src=\"http:\/\/www.wssc.vic.edu.au\/wp-content\/uploads\/2018\/11\/Exam_01.jpg\" alt=\"\" width=\"853\" height=\"544\" srcset=\"https:\/\/www.wssc.vic.edu.au\/wp-content\/uploads\/2018\/11\/Exam_01.jpg 5776w, https:\/\/www.wssc.vic.edu.au\/wp-content\/uploads\/2018\/11\/Exam_01-300x191.jpg 300w, https:\/\/www.wssc.vic.edu.au\/wp-content\/uploads\/2018\/11\/Exam_01-768x490.jpg 768w, https:\/\/www.wssc.vic.edu.au\/wp-content\/uploads\/2018\/11\/Exam_01-1024x653.jpg 1024w\" sizes=\"(max-width: 853px) 100vw, 853px\" \/><\/a><\/p>\n<p><strong>Ch\u00fang t\u00f4i cung c\u1ea5p:<\/strong><\/p>\n<ul>\n<li>C\u00e1c ch\u01b0\u01a1ng tr\u00ecnh chuy\u00ean bi\u1ec7t cho c\u00e1c h\u1ecdc sinh theo \u0111u\u1ed5i h\u1ec7 \u0111\u1ea1i h\u1ecdc (to\u00e1n, khoa h\u1ecdc, nh\u00e2n v\u0103n v\u00e0 ti\u1ebfng Anh), th\u1ec3 thao, ngh\u1ec7 thu\u1eadt s\u00e1ng t\u1ea1o v\u00e0 ngh\u1ec7 thu\u1eadt bi\u1ec3u di\u1ec5n.<\/li>\n<li>Trung t\u00e2m \u0111\u00e0o t\u1ea1o ngh\u1ec1 ti\u00ean ti\u1ebfn cung c\u1ea5p \u0111\u00e0o t\u1ea1o c\u00e1c ngh\u1ec1 x\u00e2y d\u1ef1ng, k\u1ef9 thu\u1eadt, nghi\u00ean c\u1ee9u \u0111\u1ed9ng c\u01a1, qu\u1ea3n tr\u1ecb h\u1ec7 th\u1ed1ng c\u00f4ng ngh\u1ec7, thi\u1ebft k\u1ebf v\u00e0 c\u00f4ng ngh\u1ec7 th\u00f4ng tin<\/li>\n<li>Nh\u00e0 h\u00e0ng \u0111\u1ea1t chu\u1ea9n v\u00e0 nh\u00e0 b\u1ebfp th\u01b0\u01a1ng m\u1ea1i \u0111\u1ec3 gi\u1ea3ng d\u1ea1y v\u1ec1 qu\u1ea3n tr\u1ecb kh\u00e1ch s\u1ea1n nh\u00e0 h\u00e0ng.<\/li>\n<li>Salon \u0111\u1ea7y \u0111\u1ee7 thi\u1ebft b\u1ecb \u0111\u1ec3 gi\u1ea3ng d\u1ea1y ngh\u1ec1 l\u00e0m t\u00f3c, l\u00e0m \u0111\u1eb9p.<\/li>\n<li>S\u00e2n v\u1eadn \u0111\u1ed9ng, ph\u00f2ng th\u1ec3 thao trong nh\u00e0 v\u00e0 ngo\u00e0i tr\u1eddi.<\/li>\n<li>Trung t\u00e2m bi\u1ec3u di\u1ec5n ngh\u1ec7 thu\u1eadt v\u00e0 th\u1ecb gi\u00e1c.<\/li>\n<\/ul>\n<p><strong>H\u1ecdc sinh c\u1ee7a ch\u00fang t\u00f4i \u0111\u01b0\u1ee3c trang b\u1ecb:<\/strong><\/p>\n<ul>\n<li>Th\u01b0 vi\u1ec7n v\u00e0 trung t\u00e2m d\u1eef li\u1ec7u m\u00e1y t\u00ednh<\/li>\n<li>Trung t\u00e2m luy\u1ec7n thi VCE<\/li>\n<li>C\u0103ng tin<\/li>\n<li>H\u1ec7 th\u1ed1ng m\u00e1y t\u00ednh k\u1ebft n\u1ed1i trung t\u00e2m v\u00e0 c\u00e1c ph\u1ea7n m\u1ec1m d\u00e0nh cho h\u1ecdc t\u1eadp<\/li>\n<li>\u1ee8ng d\u1ee5ng c\u00f4ng ngh\u1ec7 trong vi\u1ec7c h\u1ecdc h\u1ea7u h\u1ebft t\u1ea5t c\u1ea3 c\u00e1c m\u00f4n h\u1ecdc.<\/li>\n<li>Thi\u1ebft b\u1ecb \u0111\u00e0o t\u1ea1o ch\u1ea5t l\u01b0\u1ee3ng cao<\/li>\n<li>H\u1ec7 th\u1ed1ng qu\u1ea3n l\u00fd h\u1ecdc t\u1eadp online c\u00f3 th\u1ec3 truy c\u1eadp 24\/7 t\u1eeb b\u1ea5t c\u1ee9 n\u01a1i n\u00e0o tr\u00ean th\u1ebf gi\u1edbi<\/li>\n<li>C\u00e1c khu nh\u00e0 h\u1ecdc v\u00e0 s\u00e2n ch\u01a1i \u0111\u01b0\u1ee3c b\u1ea3o tr\u00ec s\u1ea1ch \u0111\u1eb9p<\/li>\n<li>C\u00e1c ch\u01b0\u01a1ng tr\u00ecnh c\u1eafm tr\u1ea1i v\u00e0 th\u0103m quan c\u00e1c tr\u01b0\u1eddng \u0111\u1ea1i h\u1ecdc, cao \u0111\u1eb3ng h\u1ecdc ngh\u1ec1<\/li>\n<\/ul>\n<p>Sinh vi\u00ean qu\u1ed1c t\u1ebf c\u1ee7a ch\u00fang t\u00f4i sau khi t\u1ed1t nghi\u1ec7p \u0111\u00e3 ti\u1ebfp t\u1ee5c h\u1ecdc t\u1ea1i \u0110\u1ea1i h\u1ecdc Melbourne, \u0110\u1ea1i h\u1ecdc Monash, \u0110\u1ea1i h\u1ecdc Matthew Flinder, \u0110\u1ea1i h\u1ecdc La Trobe, \u0110\u1ea1i h\u1ecdc Charles Sturt v\u00e0 \u0110\u1ea1i h\u1ecdc Qu\u1ed1c gia \u00dac trong c\u00e1c kh\u00f3a h\u1ecdc bao g\u1ed3m V\u1eadt l\u00fd tr\u1ecb li\u1ec7u, Nghi\u00ean c\u1ee9u kinh doanh, K\u1ef9 thu\u1eadt, \u0110i\u1ec1u d\u01b0\u1ee1ng, c\u0169ng nh\u01b0 c\u00e1c ch\u01b0\u01a1ng tr\u00ecnh h\u1ecdc ngh\u1ec1 t\u1ea1i c\u00e1c tr\u01b0\u1eddng cao \u0111\u1eb3ng d\u1ea1y ngh\u1ec1.<\/p>\n<p>&nbsp;<\/p>\n<p>Department of Education &amp; Training<br \/>\n<strong>CRICOS Provider Code: 00861K<\/strong><\/p>\n","protected":false},"excerpt":{"rendered":"<p>Tr\u01b0\u1eddng Trung h\u1ecdc Wodonga (WSSC) l\u00e0 m\u1ed9t tr\u01b0\u1eddng c\u00f4ng v\u1edbi kho\u1ea3ng 900 h\u1ecdc sinh c\u1ea3 nam l\u1eabn n\u1eef sinh s\u1ed1ng \u1edf v\u00f9ng Albury\/Wodonga. Tr\u01b0\u1eddng \u0111\u01b0\u1ee3c&#8230;<\/p>\n","protected":false},"author":1,"featured_media":0,"parent":29656,"menu_order":0,"comment_status":"closed","ping_status":"closed","template":"","meta":{"footnotes":""},"class_list":["post-29661","page","type-page","status-publish","hentry"],"_links":{"self":[{"href":"https:\/\/www.wssc.vic.edu.au\/index.php?rest_route=\/wp\/v2\/pages\/29661"}],"collection":[{"href":"https:\/\/www.wssc.vic.edu.au\/index.php?rest_route=\/wp\/v2\/pages"}],"about":[{"href":"https:\/\/www.wssc.vic.edu.au\/index.php?rest_route=\/wp\/v2\/types\/page"}],"author":[{"embeddable":true,"href":"https:\/\/www.wssc.vic.edu.au\/index.php?rest_route=\/wp\/v2\/users\/1"}],"replies":[{"embeddable":true,"href":"https:\/\/www.wssc.vic.edu.au\/index.php?rest_route=%2Fwp%2Fv2%2Fcomments&post=29661"}],"version-history":[{"count":6,"href":"https:\/\/www.wssc.vic.edu.au\/index.php?rest_route=\/wp\/v2\/pages\/29661\/revisions"}],"predecessor-version":[{"id":29849,"href":"https:\/\/www.wssc.vic.edu.au\/index.php?rest_route=\/wp\/v2\/pages\/29661\/revisions\/29849"}],"up":[{"embeddable":true,"href":"https:\/\/www.wssc.vic.edu.au\/index.php?rest_route=\/wp\/v2\/pages\/29656"}],"wp:attachment":[{"href":"https:\/\/www.wssc.vic.edu.au\/index.php?rest_route=%2Fwp%2Fv2%2Fmedia&parent=29661"}],"curies":[{"name":"wp","href":"https:\/\/api.w.org\/{rel}","templated":true}]}}