{"id":29671,"date":"2019-08-28T08:35:37","date_gmt":"2019-08-27T22:35:37","guid":{"rendered":"http:\/\/www.wssc.vic.edu.au\/?page_id=29671"},"modified":"2019-09-11T10:21:32","modified_gmt":"2019-09-11T00:21:32","slug":"gia-dinh-ban-xu","status":"publish","type":"page","link":"https:\/\/www.wssc.vic.edu.au\/?page_id=29671","title":{"rendered":"GIA \u0110\u00ccNH B\u1ea2N X\u1ee8"},"content":{"rendered":"<p>Khi b\u1ea1n c\u00f2n nh\u1ecf tu\u1ed5i v\u00e0 ph\u1ea3i xa gia \u0111\u00ecnh, vi\u1ec7c s\u1ed1ng c\u00f9ng m\u1ed9t gia \u0111\u00ecnh b\u1ea3n x\u1ee9 \u00dac l\u00e0 c\u00e1ch t\u1ed1t nh\u1ea5t \u0111\u1ec3 b\u1ea1n c\u1ea3m th\u1ea5y m\u00ecnh thu\u1ed9c v\u1ec1 n\u01a1i \u0111\u00e2y.<br \/>\n\u1ed4n \u0111\u1ecbnh cu\u1ed9c s\u1ed1ng, h\u1ecdc m\u1ed9t ng\u00f4n ng\u1eef m\u1edbi v\u00e0 ho\u00e0n th\u00e0nh c\u00e1c y\u00eau c\u1ea7u h\u1ecdc t\u1eadp c\u00f3 th\u1ec3 s\u1ebd kh\u00f3 kh\u0103n khi b\u1ea1n \u0111\u1eb7t ch\u00e2n \u0111\u1ebfn m\u1ed9t \u0111\u1ea5t n\u01b0\u1edbc xa l\u1ea1. Nh\u01b0ng khi c\u00f3 s\u1ef1 h\u1ed7 tr\u1ee3 t\u1eeb m\u1ed9t gia \u0111\u00ecnh b\u1ea3n x\u1ee9 v\u00e0 s\u1ef1 k\u1ebft n\u1ed1i v\u1edbi c\u1ed9ng \u0111\u1ed3ng s\u1ebd t\u1ea1o m\u1ed9t s\u1ef1 kh\u00e1c bi\u1ec7t r\u1ea5t l\u1edbn trong tr\u1ea3i nghi\u1ec7m c\u1ee7a b\u1ea1n. Vi\u1ec7c s\u1ed1ng v\u1edbi gia \u0111\u00ecnh b\u1ea3n x\u1ee9 \u00dac s\u1ebd gi\u00fap b\u1ea1n h\u00f2a nh\u1eadp v\u00e0o cu\u1ed9c s\u1ed1ng n\u01a1i \u0111\u00e2y m\u1ed9t c\u00e1ch nhanh ch\u00f3ng.<\/p>\n<p><strong>Ch\u0103m s\u00f3c s\u1ee9c kh\u1ecfe tinh th\u1ea7n c\u1ee7a b\u1ea1n <\/strong><br \/>\nCh\u00fang t\u00f4i s\u1ebd b\u1ea3o v\u1ec1 v\u00e0 \u0111\u1ea3m b\u1ea3o b\u1ea1n s\u1ed1ng vui v\u1ebb trong gia \u0111\u00ecnh b\u1ea3n x\u1ee9. Chuy\u00ean vi\u00ean h\u1ed7 tr\u1ee3 sinh vi\u00ean qu\u1ed1c t\u1ebf c\u1ee7a ch\u00fang t\u00f4i hi\u1ec3u r\u00f5 vi\u1ec7c b\u1ea1n c\u1ea3m th\u1ea5y h\u1ea1nh ph\u00fac khi s\u1ed1ng \u1edf n\u01a1i \u0111\u00e2y l\u00e0 r\u1ea5t quan tr\u1ecdng.<\/p>\n<p><img loading=\"lazy\" decoding=\"async\" class=\"wp-image-29709 aligncenter\" src=\"http:\/\/www.wssc.vic.edu.au\/wp-content\/uploads\/2019\/08\/InternationalStudentProgram02.jpg\" alt=\"\" width=\"835\" height=\"502\" srcset=\"https:\/\/www.wssc.vic.edu.au\/wp-content\/uploads\/2019\/08\/InternationalStudentProgram02.jpg 6343w, https:\/\/www.wssc.vic.edu.au\/wp-content\/uploads\/2019\/08\/InternationalStudentProgram02-300x180.jpg 300w, https:\/\/www.wssc.vic.edu.au\/wp-content\/uploads\/2019\/08\/InternationalStudentProgram02-768x462.jpg 768w, https:\/\/www.wssc.vic.edu.au\/wp-content\/uploads\/2019\/08\/InternationalStudentProgram02-1024x616.jpg 1024w, https:\/\/www.wssc.vic.edu.au\/wp-content\/uploads\/2019\/08\/InternationalStudentProgram02-190x115.jpg 190w, https:\/\/www.wssc.vic.edu.au\/wp-content\/uploads\/2019\/08\/InternationalStudentProgram02-100x60.jpg 100w\" sizes=\"(max-width: 835px) 100vw, 835px\" \/><\/p>\n<p><strong>Theo d\u00f5i ti\u1ebfn \u0111\u1ed9 h\u1ecdc t\u1eadp c\u1ee7a b\u1ea1n <\/strong><br \/>\nC\u00e1c gia \u0111\u00ecnh b\u1ea3n x\u1ee9 r\u1ea5t nghi\u00eam t\u00fac trong vi\u1ec7c th\u1ef1c thi nhi\u1ec7m v\u1ee5 c\u1ee7a h\u1ecd, \u0111\u1eb7c bi\u1ec7t l\u00e0 \u0111\u1ed1i v\u1edbi s\u1ef1 an to\u00e0n c\u1ee7a b\u1ea1n. H\u1ecd hi\u1ec3u r\u00f5 nh\u1eefng nhu c\u1ea7u c\u1ee7a b\u1ea1n khi b\u1ea1n m\u1edbi t\u1edbi \u00dac v\u00e0 h\u1ecd th\u1ef1c s\u1ef1 mu\u1ed1n b\u1ea1n c\u1ea3m th\u1ea5y vui th\u00edch khi s\u1ed1ng trong nh\u00e0 h\u1ecd. Ngo\u00e0i vi\u1ec7c h\u1ed7 tr\u1ee3 b\u1ea1n tham gia v\u00e0o c\u00e1c ho\u1ea1t \u0111\u1ed9ng ngo\u1ea1i kh\u00f3a v\u00e0 c\u00e1c ho\u1ea1t \u0111\u1ed9ng x\u00e3 h\u1ed9i, h\u1ecd c\u00f2n \u0111\u1ea3m b\u1ea3o l\u00e0 b\u1ea1n s\u1ebd v\u1ec1 nh\u00e0 \u0111\u00fang gi\u1edd, d\u00e0nh \u0111\u1ee7 th\u1eddi gian cho vi\u1ec7c h\u1ecdc t\u1eadp v\u00e0 ho\u00e0n th\u00e0nh b\u00e0i v\u1ec1 nh\u00e0.<\/p>\n<p><strong>Gi\u00fap b\u1ea1n h\u00f2a nh\u1eadp v\u1edbi cu\u1ed9c s\u1ed1ng m\u1edbi <\/strong><br \/>\nGia \u0111\u00ecnh b\u1ea3n x\u1ee9 th\u01b0\u1eddng c\u00f3 con \u0111ang theo h\u1ecdc ho\u1eb7c \u0111\u00e3 t\u1eebng theo h\u1ecdc t\u1ea1i tr\u01b0\u1eddng ch\u00fang t\u00f4i. Gia \u0111\u00ecnh b\u1ea3n x\u1ee9 c\u0169ng l\u00e0 m\u1ed9t s\u1ee3i d\u00e2y quan tr\u1ecdng k\u1ebft n\u1ed1i b\u1ea1n v\u1edbi c\u1ed9ng \u0111\u1ed3ng d\u00e2n c\u01b0. H\u1ecd s\u1ebd gi\u00fap b\u1ea1n thi\u1ebft l\u1eadp nh\u1eefng t\u00ecnh b\u1ea1n m\u1edbi \u1edf trong v\u00e0 ngo\u00e0i tr\u01b0\u1eddng. B\u1ea1n s\u1ebd c\u1ea3m th\u1ea5y m\u00ecnh th\u1ef1c s\u1ef1 thu\u1ed9c v\u1ec1 n\u01a1i \u0111\u00e2y.<\/p>\n<p><strong>L\u1ef1a ch\u1ecdn gia \u0111\u00ecnh b\u1ea3n x\u1ee9 <\/strong><br \/>\nCh\u00fang t\u00f4i l\u1ef1a ch\u1ecdn gia \u0111\u00ecnh b\u1ea3n x\u1ee9 d\u1ef1a theo m\u1ed9t h\u1ec7 th\u1ed1ng quy \u0111\u1ecbnh r\u00f5 r\u00e0ng v\u00e0 d\u1ef1 v\u00e0o nh\u01b0 c\u1ea7u , s\u1edf th\u00edch v\u00e0 mong mu\u1ed1n c\u1ee7a h\u1ecdc sinh c\u0169ng nh\u01b0 gia \u0111\u00ecnh h\u1ecdc sinh \u1edf Vi\u1ec7t nam.<\/p>\n<p>Gia \u0111\u00ecnh b\u1ea3n x\u1ee9 c\u00f3 th\u1ec3 c\u00f3 nh\u1eefng t\u00f4n gi\u00e1o, v\u00e0 b\u1ed1i c\u1ea3nh gia \u0111\u00ecnh kh\u00e1c nhau. V\u00ed d\u1ee5: gia \u0111\u00ecnh c\u00f3 con c\u00f9ng tu\u1ed5i v\u1edbi b\u1ea1n, gia \u0111\u00ecnh \u0111\u1ed9c th\u00e2n l\u1edbn tu\u1ed5i, gia \u0111\u00ecnh c\u00f3 tr\u1ebb nh\u1ecf, c\u00e1c c\u1eb7p v\u1ee3 ch\u1ed3ng m\u00e0 con c\u00e1i \u0111\u00e3 ra \u1edf ri\u00eang h\u1ebft.<\/p>\n<p>M\u1eddi c\u00e1c b\u1ea1n h\u00e3y g\u1eb7p m\u1ed9t v\u00ed d\u1ee5 gia \u0111\u00ecnh b\u1ea3n x\u1ee9 c\u1ee7a ch\u00fang t\u00f4i qua \u0111o\u1ea1n video sau:<\/p>\n<p><iframe loading=\"lazy\" src=\"https:\/\/www.youtube.com\/embed\/C8q6W98QEBs\" width=\"560\" height=\"315\" frameborder=\"0\" allowfullscreen=\"allowfullscreen\"><\/iframe><\/p>\n<p><strong>Th\u01b0\u1eddng xuy\u00ean ki\u1ec3m tra c\u00e1c gia \u0111\u00ecnh b\u1ea3n x\u1ee9<\/strong><\/p>\n<p>\u0110\u1ea1i di\u1ec7n c\u1ee7a tr\u01b0\u1eddng th\u01b0\u1eddng xuy\u00ean vi\u1ebfng th\u0103m c\u00e1c gia \u0111\u00ecnh b\u1ea3n x\u1ee9 \u0111\u1ec3 \u0111\u1ea3m b\u1ea3o \u0111i\u1ec1u ki\u1ec7n s\u1ed1ng \u0111\u1ea1t ti\u00eau chu\u1ea9n, tho\u1ea3i m\u00e1i v\u00e0 ph\u00f9 h\u1ee3p cho vi\u1ec7c sinh ho\u1ea1t v\u00e0 th\u01b0 gi\u00e3n, l\u00e0m b\u00e0i t\u1eadp v\u1ec1 nh\u00e0, \u0111\u01b0a b\u1ea1n v\u1ec1 ch\u01a1i, v\u00e0 \u0111\u01b0\u1ee3c chia s\u1ebb.<\/p>\n<p><strong>Ph\u1ecfng v\u1ea5n v\u00e0 ch\u1ecdn l\u1ecdc gia \u0111\u00ecnh b\u1ea3n x\u1ee9. <\/strong><br \/>\nCh\u00fang t\u00f4i ti\u1ebfn h\u00e0nh ph\u1ecfng v\u1ea5n \u0111\u1ec3 bi\u1ebft r\u00f5 m\u1ed9t gia \u0111\u00ecnh mu\u1ed1n nh\u1eadn m\u1ed9t h\u1ecdc sinh qu\u1ed1c t\u1ebf s\u1ebd s\u1eafp x\u1ebfp vi\u1ec7c ch\u0103m s\u00f3c \u0111\u00f3 nh\u01b0 th\u1ebf n\u00e0o. Ch\u00fang t\u00f4i c\u0169ng \u0111\u1ea3m b\u1ea3o m\u1ed7i th\u00e0nh vi\u00ean tr\u00ean 18 tu\u1ed5i trong gia \u0111\u00ecnh ph\u1ea3i c\u00f3 x\u00e1c nh\u1eadn c\u1ee7a C\u1ea3nh s\u00e1t bang v\u1ec1 l\u00fd l\u1ecbch \u0111\u01b0\u1ee3c ti\u1ebfp x\u00fac v\u1edbi tr\u1ebb em.<\/p>\n<p><strong>H\u1ed3 s\u01a1 v\u1ec1 gia \u0111\u00ecnh b\u1ea3n x\u1ee9<\/strong><br \/>\nCh\u00fang t\u00f4i s\u1ebd chuy\u1ec3n \u0111\u1ebfn cho b\u1ea1n b\u1ed9 h\u1ed3 s\u01a1 th\u00f4ng tin v\u1ec1 gia \u0111\u00ecnh b\u1ea3n x\u1ee9 tr\u01b0\u1edbc khi b\u1ea1n t\u1edbi \u00dac \u0111\u1ec3 b\u1ea1n c\u00f3 th\u1ec3 li\u00ean l\u1ea1c v\u00e0 t\u00ecm hi\u1ec3u v\u1ec1 gia \u0111\u00ecnh b\u1ea3n x\u1ee9.<\/p>\n<p>&nbsp;<\/p>\n<p>Department of Education &amp; Training<br \/>\n<strong>CRICOS Provider Code: 00861K<\/strong><\/p>\n","protected":false},"excerpt":{"rendered":"<p>Khi b\u1ea1n c\u00f2n nh\u1ecf tu\u1ed5i v\u00e0 ph\u1ea3i xa gia \u0111\u00ecnh, vi\u1ec7c s\u1ed1ng c\u00f9ng m\u1ed9t gia \u0111\u00ecnh b\u1ea3n x\u1ee9 \u00dac l\u00e0 c\u00e1ch t\u1ed1t nh\u1ea5t \u0111\u1ec3 b\u1ea1n&#8230;<\/p>\n","protected":false},"author":1,"featured_media":0,"parent":29656,"menu_order":0,"comment_status":"closed","ping_status":"closed","template":"","meta":{"footnotes":""},"class_list":["post-29671","page","type-page","status-publish","hentry"],"_links":{"self":[{"href":"https:\/\/www.wssc.vic.edu.au\/index.php?rest_route=\/wp\/v2\/pages\/29671"}],"collection":[{"href":"https:\/\/www.wssc.vic.edu.au\/index.php?rest_route=\/wp\/v2\/pages"}],"about":[{"href":"https:\/\/www.wssc.vic.edu.au\/index.php?rest_route=\/wp\/v2\/types\/page"}],"author":[{"embeddable":true,"href":"https:\/\/www.wssc.vic.edu.au\/index.php?rest_route=\/wp\/v2\/users\/1"}],"replies":[{"embeddable":true,"href":"https:\/\/www.wssc.vic.edu.au\/index.php?rest_route=%2Fwp%2Fv2%2Fcomments&post=29671"}],"version-history":[{"count":8,"href":"https:\/\/www.wssc.vic.edu.au\/index.php?rest_route=\/wp\/v2\/pages\/29671\/revisions"}],"predecessor-version":[{"id":29853,"href":"https:\/\/www.wssc.vic.edu.au\/index.php?rest_route=\/wp\/v2\/pages\/29671\/revisions\/29853"}],"up":[{"embeddable":true,"href":"https:\/\/www.wssc.vic.edu.au\/index.php?rest_route=\/wp\/v2\/pages\/29656"}],"wp:attachment":[{"href":"https:\/\/www.wssc.vic.edu.au\/index.php?rest_route=%2Fwp%2Fv2%2Fmedia&parent=29671"}],"curies":[{"name":"wp","href":"https:\/\/api.w.org\/{rel}","templated":true}]}}