{"id":29674,"date":"2019-08-28T08:37:54","date_gmt":"2019-08-27T22:37:54","guid":{"rendered":"http:\/\/www.wssc.vic.edu.au\/?page_id=29674"},"modified":"2019-09-11T10:23:20","modified_gmt":"2019-09-11T00:23:20","slug":"29674-2","status":"publish","type":"page","link":"https:\/\/www.wssc.vic.edu.au\/?page_id=29674","title":{"rendered":"CHI PH\u00cd H\u1eccC T\u1eacP"},"content":{"rendered":"<p>Ch\u00fang t\u00f4i l\u00e0 tr\u01b0\u1eddng c\u00f4ng n\u00ean ch\u00fang t\u00f4i tu\u00e2n th\u1ee7 theo c\u00e1c \u0111i\u1ec1u ki\u1ec7n v\u00e0 \u0111i\u1ec1u kho\u1ea3n tuy\u1ec3n d\u1ee5ng c\u1ee7a b\u1ed9 Gi\u00e1o d\u1ee5c bang Victoria. Xin xem c\u00e1c \u0111i\u1ec1u ki\u1ec7n \u0111\u00f3 theo \u0111\u01b0\u1eddng link d\u01b0\u1edbi \u0111\u00e2y.<\/p>\n<p><a href=\"https:\/\/www.study.vic.gov.au\/Shared%20Documents\/en\/StandardApplicationTermsConditionsPolicies.pdf\" onclick=\"_gaq.push(['_trackEvent','download','https:\/\/www.study.vic.gov.au\/Shared%20Documents\/en\/StandardApplicationTermsConditionsPolicies.pdf']);\" >International Student Program &#8211; Written Agreement<\/a><\/p>\n<p><strong>B\u1ea3ng m\u1ee9c ph\u00ed h\u1ecdc t\u1eadp c\u1eadp nh\u1eadt<\/strong><br \/>\nXin xem m\u1ee9c ph\u00ed c\u1eadp nh\u1eadt c\u1ee7a t\u1eebng c\u1ea5p h\u1ecdc trong \u0111\u01b0\u1eddng link sau: <a href=\"https:\/\/www.study.vic.gov.au\/Shared%20Documents\/en\/StandardTuition-FeeRateCard.pdf\" onclick=\"_gaq.push(['_trackEvent','download','https:\/\/www.study.vic.gov.au\/Shared%20Documents\/en\/StandardTuition-FeeRateCard.pdf']);\" >Standard International Student Tuition Fee\u00a0<\/a><\/p>\n<p><strong>Chi ph\u00ed \u1edf nh\u00e0 b\u1ea3n x\u1ee9: <\/strong><br \/>\nM\u1ee9c ph\u00ed n\u00e0y \u1edf tr\u01b0\u1eddng ch\u00fang t\u00f4i hi\u1ec7n l\u00e0 290 \u0111\u00f4 la \u00dac cho m\u1ed9t tu\u1ea7n (t\u1ee9c 7 ng\u00e0y v\u1edbi 3 b\u1eefa \u0103n m\u1ed7i ng\u00e0y)<\/p>\n<p><strong>Ph\u00ed \u0111\u1eb7t c\u1ecdc gi\u1eef nh\u00e0 b\u1ea3n x\u1ee9 l\u00e0 AUD580 t\u01b0\u01a1ng \u0111\u01b0\u01a1ng v\u1edbi 2 tu\u1ea7n ph\u00ed.<\/strong><br \/>\nPh\u00ed n\u00e0y s\u1ebd \u0111\u01b0\u1ee3c ho\u00e0n tr\u1ea3 khi h\u1ecdc sinh k\u1ebft th\u00fac vi\u1ec7c h\u1ecdc t\u1eadp t\u1ea1i tr\u01b0\u1eddng ch\u00fang t\u00f4i.<\/p>\n<p><strong>Ph\u00ed nh\u00e0 b\u1ea3n x\u1ee9 s\u1ebd do gia \u0111\u00ecnh b\u1ea1n \u1edf Vi\u1ec7t nam thanh to\u00e1n tr\u1ef1c ti\u1ebfp <\/strong><strong>cho nh\u00e0 b\u1ea3n x\u1ee9 theo th\u1ecfa thu\u1eadn gi\u1eefa 2 gia \u0111\u00ecnh.<\/strong>Ch\u00fang t\u00f4i khuy\u1ebfn kh\u00edch thanh to\u00e1n 10 tu\u1ea7n \/ 1 l\u1ea7n v\u00e0 qua chuy\u1ec3n kho\u1ea3n v\u00e0o t\u00e0i kho\u1ea3n gia \u0111\u00ecnh b\u1ea3n x\u1ee9.<\/p>\n<p><img loading=\"lazy\" decoding=\"async\" class=\"wp-image-29631 size-full aligncenter\" src=\"http:\/\/www.wssc.vic.edu.au\/wp-content\/uploads\/2019\/08\/WSSC2019.jpg\" alt=\"\" width=\"960\" height=\"350\" srcset=\"https:\/\/www.wssc.vic.edu.au\/wp-content\/uploads\/2019\/08\/WSSC2019.jpg 960w, https:\/\/www.wssc.vic.edu.au\/wp-content\/uploads\/2019\/08\/WSSC2019-300x109.jpg 300w, https:\/\/www.wssc.vic.edu.au\/wp-content\/uploads\/2019\/08\/WSSC2019-768x280.jpg 768w\" sizes=\"(max-width: 960px) 100vw, 960px\" \/><\/p>\n<p>&nbsp;<\/p>\n<p>Department of Education &amp; Training<br \/>\n<strong>CRICOS Provider Code: 00861K<\/strong><\/p>\n","protected":false},"excerpt":{"rendered":"<p>Ch\u00fang t\u00f4i l\u00e0 tr\u01b0\u1eddng c\u00f4ng n\u00ean ch\u00fang t\u00f4i tu\u00e2n th\u1ee7 theo c\u00e1c \u0111i\u1ec1u ki\u1ec7n v\u00e0 \u0111i\u1ec1u kho\u1ea3n tuy\u1ec3n d\u1ee5ng c\u1ee7a b\u1ed9 Gi\u00e1o d\u1ee5c bang Victoria&#8230;.<\/p>\n","protected":false},"author":1,"featured_media":0,"parent":29656,"menu_order":0,"comment_status":"closed","ping_status":"closed","template":"","meta":{"footnotes":""},"class_list":["post-29674","page","type-page","status-publish","hentry"],"_links":{"self":[{"href":"https:\/\/www.wssc.vic.edu.au\/index.php?rest_route=\/wp\/v2\/pages\/29674"}],"collection":[{"href":"https:\/\/www.wssc.vic.edu.au\/index.php?rest_route=\/wp\/v2\/pages"}],"about":[{"href":"https:\/\/www.wssc.vic.edu.au\/index.php?rest_route=\/wp\/v2\/types\/page"}],"author":[{"embeddable":true,"href":"https:\/\/www.wssc.vic.edu.au\/index.php?rest_route=\/wp\/v2\/users\/1"}],"replies":[{"embeddable":true,"href":"https:\/\/www.wssc.vic.edu.au\/index.php?rest_route=%2Fwp%2Fv2%2Fcomments&post=29674"}],"version-history":[{"count":6,"href":"https:\/\/www.wssc.vic.edu.au\/index.php?rest_route=\/wp\/v2\/pages\/29674\/revisions"}],"predecessor-version":[{"id":29855,"href":"https:\/\/www.wssc.vic.edu.au\/index.php?rest_route=\/wp\/v2\/pages\/29674\/revisions\/29855"}],"up":[{"embeddable":true,"href":"https:\/\/www.wssc.vic.edu.au\/index.php?rest_route=\/wp\/v2\/pages\/29656"}],"wp:attachment":[{"href":"https:\/\/www.wssc.vic.edu.au\/index.php?rest_route=%2Fwp%2Fv2%2Fmedia&parent=29674"}],"curies":[{"name":"wp","href":"https:\/\/api.w.org\/{rel}","templated":true}]}}